{"id":5,"date":"2013-01-16T20:32:13","date_gmt":"2013-01-16T19:32:13","guid":{"rendered":"http:\/\/familie-schulte.net\/?page_id=5"},"modified":"2023-06-24T10:43:55","modified_gmt":"2023-06-24T09:43:55","slug":"ueber-mich","status":"publish","type":"page","link":"https:\/\/ulrich-schulte.net\/?page_id=5","title":{"rendered":"\u00fcber mich"},"content":{"rendered":"<figure id=\"attachment_10\" aria-describedby=\"caption-attachment-10\" style=\"width: 150px\" class=\"wp-caption alignleft\"><a href=\"https:\/\/i0.wp.com\/familie-schulte.net\/wp-content\/uploads\/2013\/01\/img_0699.jpg\"><img data-recalc-dims=\"1\" loading=\"lazy\" decoding=\"async\" data-attachment-id=\"10\" data-permalink=\"https:\/\/ulrich-schulte.net\/?attachment_id=10\" data-orig-file=\"https:\/\/i0.wp.com\/ulrich-schulte.net\/wp-content\/uploads\/2013\/01\/img_0699.jpg?fit=2592%2C1936&amp;ssl=1\" data-orig-size=\"2592,1936\" data-comments-opened=\"1\" data-image-meta=\"{&quot;aperture&quot;:&quot;2.8&quot;,&quot;credit&quot;:&quot;&quot;,&quot;camera&quot;:&quot;iPhone 4&quot;,&quot;caption&quot;:&quot;&quot;,&quot;created_timestamp&quot;:&quot;1348858667&quot;,&quot;copyright&quot;:&quot;&quot;,&quot;focal_length&quot;:&quot;3.85&quot;,&quot;iso&quot;:&quot;80&quot;,&quot;shutter_speed&quot;:&quot;0.0075757575757576&quot;,&quot;title&quot;:&quot;&quot;}\" data-image-title=\"IMG_0699\" data-image-description=\"&lt;p&gt;Bei mir vor der Haust\u00fcr!&lt;\/p&gt;\n\" data-image-caption=\"&lt;p&gt;Blick auf Nymphenburger Schloss in M\u00fcnchen&lt;\/p&gt;\n\" data-large-file=\"https:\/\/i0.wp.com\/ulrich-schulte.net\/wp-content\/uploads\/2013\/01\/img_0699.jpg?fit=474%2C354&amp;ssl=1\" class=\"size-thumbnail wp-image-10\" title=\"IMG_0699\" src=\"https:\/\/i0.wp.com\/familie-schulte.net\/wp-content\/uploads\/2013\/01\/img_0699-150x150.jpg?resize=150%2C150\" alt=\"\" width=\"150\" height=\"150\" srcset=\"https:\/\/i0.wp.com\/ulrich-schulte.net\/wp-content\/uploads\/2013\/01\/img_0699.jpg?resize=150%2C150&amp;ssl=1 150w, https:\/\/i0.wp.com\/ulrich-schulte.net\/wp-content\/uploads\/2013\/01\/img_0699.jpg?zoom=2&amp;resize=150%2C150&amp;ssl=1 300w, https:\/\/i0.wp.com\/ulrich-schulte.net\/wp-content\/uploads\/2013\/01\/img_0699.jpg?zoom=3&amp;resize=150%2C150&amp;ssl=1 450w\" sizes=\"auto, (max-width: 150px) 100vw, 150px\" \/><\/a><figcaption id=\"caption-attachment-10\" class=\"wp-caption-text\">Blick auf das Nymphenburger Schloss in M\u00fcnchen (Foto: U. Schulte)<\/figcaption><\/figure>\n<p>tags\u00fcber bin ich als Applikationsexperte im Gesundheitswesen t\u00e4tig, dabei programmiere ich mit Oracle PL\/SQL und berate &#8222;meine&#8220; Fachanwender bei der Formulierung von Anforderungen, die ich dann manchmal auch umsetze. Au\u00dferdem sind Providersteuerung, Deployment und Qualit\u00e4tsmanagement meine Aufgaben.<\/p>\n<p>Ich lebe seit Ende 2022 am wundersch\u00f6nen Chiemsee.<\/p>\n<p>Privat interessiere ich mich f\u00fcr WordPress, IoT und den Flugsimulator von Microsoft.<\/p>\n<p>In einem fr\u00fcheren Leben habe ich mit Borland Delphi Datenbankanwendungen f\u00fcr Sybase, Oracle und Firebird entwickelt.<\/p>\n","protected":false},"excerpt":{"rendered":"<p>tags\u00fcber bin ich als Applikationsexperte im Gesundheitswesen t\u00e4tig, dabei programmiere ich mit Oracle PL\/SQL und berate &#8222;meine&#8220; Fachanwender bei der Formulierung von Anforderungen, die ich dann manchmal auch umsetze. Au\u00dferdem sind Providersteuerung, Deployment und Qualit\u00e4tsmanagement meine Aufgaben. Ich lebe seit Ende 2022 am wundersch\u00f6nen Chiemsee. Privat interessiere ich mich f\u00fcr WordPress, IoT und den Flugsimulator &hellip; <a href=\"https:\/\/ulrich-schulte.net\/?page_id=5\" class=\"more-link\"><span class=\"screen-reader-text\">\u00fcber mich<\/span> weiterlesen <span class=\"meta-nav\">&rarr;<\/span><\/a><\/p>\n","protected":false},"author":1,"featured_media":0,"parent":0,"menu_order":0,"comment_status":"open","ping_status":"closed","template":"","meta":{"jetpack_post_was_ever_published":false,"footnotes":""},"class_list":["post-5","page","type-page","status-publish","hentry"],"jetpack_sharing_enabled":true,"jetpack_shortlink":"https:\/\/wp.me\/P8NCNL-5","jetpack-related-posts":[],"_links":{"self":[{"href":"https:\/\/ulrich-schulte.net\/index.php?rest_route=\/wp\/v2\/pages\/5","targetHints":{"allow":["GET"]}}],"collection":[{"href":"https:\/\/ulrich-schulte.net\/index.php?rest_route=\/wp\/v2\/pages"}],"about":[{"href":"https:\/\/ulrich-schulte.net\/index.php?rest_route=\/wp\/v2\/types\/page"}],"author":[{"embeddable":true,"href":"https:\/\/ulrich-schulte.net\/index.php?rest_route=\/wp\/v2\/users\/1"}],"replies":[{"embeddable":true,"href":"https:\/\/ulrich-schulte.net\/index.php?rest_route=%2Fwp%2Fv2%2Fcomments&post=5"}],"version-history":[{"count":12,"href":"https:\/\/ulrich-schulte.net\/index.php?rest_route=\/wp\/v2\/pages\/5\/revisions"}],"predecessor-version":[{"id":534,"href":"https:\/\/ulrich-schulte.net\/index.php?rest_route=\/wp\/v2\/pages\/5\/revisions\/534"}],"wp:attachment":[{"href":"https:\/\/ulrich-schulte.net\/index.php?rest_route=%2Fwp%2Fv2%2Fmedia&parent=5"}],"curies":[{"name":"wp","href":"https:\/\/api.w.org\/{rel}","templated":true}]}}